{"id":566,"date":"2024-04-05T13:29:44","date_gmt":"2024-04-05T11:29:44","guid":{"rendered":"https:\/\/go.decathlon.pl\/b\/?page_id=566"},"modified":"2024-10-22T21:50:31","modified_gmt":"2024-10-22T19:50:31","slug":"trening-pilki-noznej","status":"publish","type":"page","link":"https:\/\/go.decathlon.pl\/b\/trening-pilki-noznej\/","title":{"rendered":"Treningi pi\u0142karskie dla doros\u0142ych"},"content":{"rendered":"","protected":false},"excerpt":{"rendered":"","protected":false},"author":2,"featured_media":0,"parent":0,"menu_order":0,"comment_status":"closed","ping_status":"closed","template":"","meta":{"footnotes":""},"class_list":["post-566","page","type-page","status-publish","hentry"],"acf":[],"yoast_head":"<!-- This site is optimized with the Yoast SEO plugin v21.8 - https:\/\/yoast.com\/wordpress\/plugins\/seo\/ -->\n<title>Trening pi\u0142karski dla doros\u0142ych<\/title>\n<meta name=\"description\" content=\"Wybierz trening pi\u0142karski dla doros\u0142ych z Decathlon Go. Zaj\u0119cia indywidualne lub w grupie. Trenuj pod okiem najlepszych trener\u00f3w i rozwijaj umiej\u0119tno\u015bci.\" \/>\n<meta name=\"robots\" content=\"index, follow, max-snippet:-1, max-image-preview:large, max-video-preview:-1\" \/>\n<link rel=\"canonical\" href=\"https:\/\/go.decathlon.pl\/b\/trening-pilki-noznej\/\" \/>\n<meta property=\"og:locale\" content=\"pl_PL\" \/>\n<meta property=\"og:type\" content=\"article\" \/>\n<meta property=\"og:title\" content=\"Trening pi\u0142karski dla doros\u0142ych\" \/>\n<meta property=\"og:description\" content=\"Wybierz trening pi\u0142karski dla doros\u0142ych z Decathlon Go. Zaj\u0119cia indywidualne lub w grupie. Trenuj pod okiem najlepszych trener\u00f3w i rozwijaj umiej\u0119tno\u015bci.\" \/>\n<meta property=\"og:url\" content=\"https:\/\/go.decathlon.pl\/b\/trening-pilki-noznej\/\" \/>\n<meta property=\"og:site_name\" content=\"Decathlon GO\" \/>\n<meta property=\"article:modified_time\" content=\"2024-10-22T19:50:31+00:00\" \/>\n<meta name=\"twitter:card\" content=\"summary_large_image\" \/>\n<script type=\"application\/ld+json\" class=\"yoast-schema-graph\">{\"@context\":\"https:\/\/schema.org\",\"@graph\":[{\"@type\":\"WebPage\",\"@id\":\"https:\/\/go.decathlon.pl\/b\/trening-pilki-noznej\/\",\"url\":\"https:\/\/go.decathlon.pl\/b\/trening-pilki-noznej\/\",\"name\":\"Trening pi\u0142karski dla doros\u0142ych\",\"isPartOf\":{\"@id\":\"https:\/\/go.decathlon.pl\/b\/#website\"},\"datePublished\":\"2024-04-05T11:29:44+00:00\",\"dateModified\":\"2024-10-22T19:50:31+00:00\",\"description\":\"Wybierz trening pi\u0142karski dla doros\u0142ych z Decathlon Go. Zaj\u0119cia indywidualne lub w grupie. Trenuj pod okiem najlepszych trener\u00f3w i rozwijaj umiej\u0119tno\u015bci.\",\"breadcrumb\":{\"@id\":\"https:\/\/go.decathlon.pl\/b\/trening-pilki-noznej\/#breadcrumb\"},\"inLanguage\":\"pl-PL\",\"potentialAction\":[{\"@type\":\"ReadAction\",\"target\":[\"https:\/\/go.decathlon.pl\/b\/trening-pilki-noznej\/\"]}]},{\"@type\":\"BreadcrumbList\",\"@id\":\"https:\/\/go.decathlon.pl\/b\/trening-pilki-noznej\/#breadcrumb\",\"itemListElement\":[{\"@type\":\"ListItem\",\"position\":1,\"name\":\"Strona g\u0142\u00f3wna\",\"item\":\"https:\/\/go.decathlon.pl\/b\/\"},{\"@type\":\"ListItem\",\"position\":2,\"name\":\"Treningi pi\u0142karskie dla doros\u0142ych\"}]},{\"@type\":\"WebSite\",\"@id\":\"https:\/\/go.decathlon.pl\/b\/#website\",\"url\":\"https:\/\/go.decathlon.pl\/b\/\",\"name\":\"Decathlon GO\",\"description\":\"\",\"potentialAction\":[{\"@type\":\"SearchAction\",\"target\":{\"@type\":\"EntryPoint\",\"urlTemplate\":\"https:\/\/go.decathlon.pl\/b\/?s={search_term_string}\"},\"query-input\":\"required name=search_term_string\"}],\"inLanguage\":\"pl-PL\"}]}<\/script>\n<!-- \/ Yoast SEO plugin. -->","yoast_head_json":{"title":"Trening pi\u0142karski dla doros\u0142ych","description":"Wybierz trening pi\u0142karski dla doros\u0142ych z Decathlon Go. Zaj\u0119cia indywidualne lub w grupie. Trenuj pod okiem najlepszych trener\u00f3w i rozwijaj umiej\u0119tno\u015bci.","robots":{"index":"index","follow":"follow","max-snippet":"max-snippet:-1","max-image-preview":"max-image-preview:large","max-video-preview":"max-video-preview:-1"},"canonical":"https:\/\/go.decathlon.pl\/b\/trening-pilki-noznej\/","og_locale":"pl_PL","og_type":"article","og_title":"Trening pi\u0142karski dla doros\u0142ych","og_description":"Wybierz trening pi\u0142karski dla doros\u0142ych z Decathlon Go. Zaj\u0119cia indywidualne lub w grupie. Trenuj pod okiem najlepszych trener\u00f3w i rozwijaj umiej\u0119tno\u015bci.","og_url":"https:\/\/go.decathlon.pl\/b\/trening-pilki-noznej\/","og_site_name":"Decathlon GO","article_modified_time":"2024-10-22T19:50:31+00:00","twitter_card":"summary_large_image","schema":{"@context":"https:\/\/schema.org","@graph":[{"@type":"WebPage","@id":"https:\/\/go.decathlon.pl\/b\/trening-pilki-noznej\/","url":"https:\/\/go.decathlon.pl\/b\/trening-pilki-noznej\/","name":"Trening pi\u0142karski dla doros\u0142ych","isPartOf":{"@id":"https:\/\/go.decathlon.pl\/b\/#website"},"datePublished":"2024-04-05T11:29:44+00:00","dateModified":"2024-10-22T19:50:31+00:00","description":"Wybierz trening pi\u0142karski dla doros\u0142ych z Decathlon Go. Zaj\u0119cia indywidualne lub w grupie. Trenuj pod okiem najlepszych trener\u00f3w i rozwijaj umiej\u0119tno\u015bci.","breadcrumb":{"@id":"https:\/\/go.decathlon.pl\/b\/trening-pilki-noznej\/#breadcrumb"},"inLanguage":"pl-PL","potentialAction":[{"@type":"ReadAction","target":["https:\/\/go.decathlon.pl\/b\/trening-pilki-noznej\/"]}]},{"@type":"BreadcrumbList","@id":"https:\/\/go.decathlon.pl\/b\/trening-pilki-noznej\/#breadcrumb","itemListElement":[{"@type":"ListItem","position":1,"name":"Strona g\u0142\u00f3wna","item":"https:\/\/go.decathlon.pl\/b\/"},{"@type":"ListItem","position":2,"name":"Treningi pi\u0142karskie dla doros\u0142ych"}]},{"@type":"WebSite","@id":"https:\/\/go.decathlon.pl\/b\/#website","url":"https:\/\/go.decathlon.pl\/b\/","name":"Decathlon GO","description":"","potentialAction":[{"@type":"SearchAction","target":{"@type":"EntryPoint","urlTemplate":"https:\/\/go.decathlon.pl\/b\/?s={search_term_string}"},"query-input":"required name=search_term_string"}],"inLanguage":"pl-PL"}]}},"_links":{"self":[{"href":"https:\/\/go.decathlon.pl\/b\/wp-json\/wp\/v2\/pages\/566","targetHints":{"allow":["GET"]}}],"collection":[{"href":"https:\/\/go.decathlon.pl\/b\/wp-json\/wp\/v2\/pages"}],"about":[{"href":"https:\/\/go.decathlon.pl\/b\/wp-json\/wp\/v2\/types\/page"}],"author":[{"embeddable":true,"href":"https:\/\/go.decathlon.pl\/b\/wp-json\/wp\/v2\/users\/2"}],"replies":[{"embeddable":true,"href":"https:\/\/go.decathlon.pl\/b\/wp-json\/wp\/v2\/comments?post=566"}],"version-history":[{"count":7,"href":"https:\/\/go.decathlon.pl\/b\/wp-json\/wp\/v2\/pages\/566\/revisions"}],"predecessor-version":[{"id":884,"href":"https:\/\/go.decathlon.pl\/b\/wp-json\/wp\/v2\/pages\/566\/revisions\/884"}],"wp:attachment":[{"href":"https:\/\/go.decathlon.pl\/b\/wp-json\/wp\/v2\/media?parent=566"}],"curies":[{"name":"wp","href":"https:\/\/api.w.org\/{rel}","templated":true}]}}